{"id":4280,"date":"2025-06-18T08:33:58","date_gmt":"2025-06-18T09:33:58","guid":{"rendered":"https:\/\/zenitenergy.com\/?page_id=4280"},"modified":"2025-06-26T14:50:53","modified_gmt":"2025-06-26T15:50:53","slug":"instalaciones-solares-fotovoltaicas","status":"publish","type":"page","link":"https:\/\/zenitenergy.com\/index.php\/instalaciones-solares-fotovoltaicas\/","title":{"rendered":"Instalaciones Solares Fotovoltaicas"},"content":{"rendered":"\t\t<div data-elementor-type=\"wp-page\" data-elementor-id=\"4280\" class=\"elementor elementor-4280\">\n\t\t\t\t\t\t<section class=\"elementor-section elementor-top-section elementor-element elementor-element-853a243 elementor-section-boxed elementor-section-height-default elementor-section-height-default\" data-id=\"853a243\" data-element_type=\"section\" data-e-type=\"section\">\n\t\t\t\t\t\t<div class=\"elementor-container elementor-column-gap-default\">\n\t\t\t\t\t<div class=\"elementor-column elementor-col-50 elementor-top-column elementor-element elementor-element-8df388e two\" data-id=\"8df388e\" data-element_type=\"column\" data-e-type=\"column\">\n\t\t\t<div class=\"elementor-widget-wrap elementor-element-populated\">\n\t\t\t\t\t\t<div class=\"elementor-element elementor-element-35866f5 elementor-widget elementor-widget-image\" data-id=\"35866f5\" data-element_type=\"widget\" data-e-type=\"widget\" data-widget_type=\"image.default\">\n\t\t\t\t<div class=\"elementor-widget-container\">\n\t\t\t\t\t\t\t\t\t\t\t\t\t\t\t<img fetchpriority=\"high\" decoding=\"async\" width=\"1024\" height=\"673\" src=\"https:\/\/zenitenergy.com\/wp-content\/uploads\/2025\/06\/Placas-1024x673.jpg\" class=\"attachment-large size-large wp-image-4451\" alt=\"\" srcset=\"https:\/\/zenitenergy.com\/wp-content\/uploads\/2025\/06\/Placas-1024x673.jpg 1024w, https:\/\/zenitenergy.com\/wp-content\/uploads\/2025\/06\/Placas-300x197.jpg 300w, https:\/\/zenitenergy.com\/wp-content\/uploads\/2025\/06\/Placas-768x505.jpg 768w, https:\/\/zenitenergy.com\/wp-content\/uploads\/2025\/06\/Placas-1536x1010.jpg 1536w, https:\/\/zenitenergy.com\/wp-content\/uploads\/2025\/06\/Placas-2048x1347.jpg 2048w\" sizes=\"(max-width: 1024px) 100vw, 1024px\" \/>\t\t\t\t\t\t\t\t\t\t\t\t\t\t\t<\/div>\n\t\t\t\t<\/div>\n\t\t\t\t\t<\/div>\n\t\t<\/div>\n\t\t\t\t<div class=\"elementor-column elementor-col-50 elementor-top-column elementor-element elementor-element-6dea129 two\" data-id=\"6dea129\" data-element_type=\"column\" data-e-type=\"column\">\n\t\t\t<div class=\"elementor-widget-wrap elementor-element-populated\">\n\t\t\t\t\t\t<div class=\"elementor-element elementor-element-f8dbef2 elementor-widget elementor-widget-sectiontitle\" data-id=\"f8dbef2\" data-element_type=\"widget\" data-e-type=\"widget\" data-widget_type=\"sectiontitle.default\">\n\t\t\t\t<div class=\"elementor-widget-container\">\n\t\t\t\t\t\r\n\t\t\t\t<div class=\"\">\r\n\r\n\t\t\t<div class=\"section-title t_left\">\r\n                \t\t\t\t\r\n\t\t\t\t  \r\n                       <h3><div style= \"text-align: center\">Produce tu propia energ\u00eda, ahorra desde el primer d\u00eda<\/h3>\r\n                \t\t\t\t\r\n\t\t\t\t \t\t\t\t<div class=\"bar-main\">\r\n\t\t\t\t\t<div class=\"bar bar-big\"><\/div>\r\n\t\t\t\t<\/div>\r\n\t\t\t\t\r\n                 \r\n                        <p><div style=\"text-align: justify;\">\nEn <strong>Zenit Energy<\/strong> te ayudamos a aprovechar todo el potencial del sol. Dise\u00f1amos e instalamos sistemas de autoconsumo fotovoltaico adaptados a viviendas, empresas, comunidades de propietarios e instalaciones p\u00fablicas. Nuestro objetivo es claro: que generes tu propia energ\u00eda de forma limpia, eficiente y rentable.<br><br>\nNos encargamos de todo el proceso: desde el estudio de viabilidad y dimensionamiento t\u00e9cnico, hasta la legalizaci\u00f3n, monitorizaci\u00f3n y tramitaci\u00f3n de ayudas. T\u00fa solo tienes que preocuparte por disfrutar de una factura m\u00e1s baja y una mayor independencia energ\u00e9tica.\n<\/div>\n<\/p>\r\n                \t\t\t\t\r\n\r\n\t\t\t\t\r\n\t\t\t<\/div>\t\r\n\r\n\t\t<\/div>\r\n\r\n\t\t\r\n\t\t\t\t\t\t<\/div>\n\t\t\t\t<\/div>\n\t\t\t\t\t<\/div>\n\t\t<\/div>\n\t\t\t\t\t<\/div>\n\t\t<\/section>\n\t\t\t\t<section class=\"elementor-section elementor-top-section elementor-element elementor-element-82c67a5 elementor-section-boxed elementor-section-height-default elementor-section-height-default\" data-id=\"82c67a5\" data-element_type=\"section\" data-e-type=\"section\">\n\t\t\t\t\t\t<div class=\"elementor-container elementor-column-gap-default\">\n\t\t\t\t\t<div class=\"elementor-column elementor-col-100 elementor-top-column elementor-element elementor-element-b50a051\" data-id=\"b50a051\" data-element_type=\"column\" data-e-type=\"column\">\n\t\t\t<div class=\"elementor-widget-wrap elementor-element-populated\">\n\t\t\t\t\t\t<section class=\"elementor-section elementor-inner-section elementor-element elementor-element-e18a3bf elementor-section-content-middle elementor-section-boxed elementor-section-height-default elementor-section-height-default\" data-id=\"e18a3bf\" data-element_type=\"section\" data-e-type=\"section\">\n\t\t\t\t\t\t<div class=\"elementor-container elementor-column-gap-default\">\n\t\t\t\t\t<div class=\"elementor-column elementor-col-50 elementor-inner-column elementor-element elementor-element-169c636\" data-id=\"169c636\" data-element_type=\"column\" data-e-type=\"column\">\n\t\t\t<div class=\"elementor-widget-wrap elementor-element-populated\">\n\t\t\t\t\t\t<div class=\"elementor-element elementor-element-925576c elementor-widget elementor-widget-sectiontitle\" data-id=\"925576c\" data-element_type=\"widget\" data-e-type=\"widget\" data-widget_type=\"sectiontitle.default\">\n\t\t\t\t<div class=\"elementor-widget-container\">\n\t\t\t\t\t\r\n\t\t\t\t<div class=\"\">\r\n\r\n\t\t\t<div class=\"section-title t_left\">\r\n                \t\t\t\t\r\n\t\t\t\t  \r\n                       <h3>\u00bfQu\u00e9 incluye nuestro servicio?<\/h3>\r\n                \t\t\t\t\r\n\t\t\t\t \t\t\t\t<div class=\"bar-main\">\r\n\t\t\t\t\t<div class=\"bar bar-big\"><\/div>\r\n\t\t\t\t<\/div>\r\n\t\t\t\t\r\n                 \r\n                        <p><div style=\"text-align: justify;\">\n    <ul style=\"list-style-type: disc; padding-left: 20px;\">\n        <li>Estudio personalizado y simulaci\u00f3n de ahorro<\/li>\n        <li>Instalaci\u00f3n de paneles solares y componentes de calidad certificada<\/li>\n        <li>Integraci\u00f3n con bater\u00edas de almacenamiento y cargadores para veh\u00edculo el\u00e9ctrico<\/li>\n        <li>Monitorizaci\u00f3n en tiempo real desde app<\/li>\n        <li>Tramitaci\u00f3n de subvenciones (como el Plan MOVES o ayudas auton\u00f3micas)<\/li>\n        <li>Legalizaci\u00f3n y conexi\u00f3n con la red el\u00e9ctrica (compensaci\u00f3n de excedentes)<\/li>\n    <\/ul>\n<\/div>\n<\/p>\r\n                \t\t\t\t\r\n\r\n\t\t\t\t\r\n\t\t\t<\/div>\t\r\n\r\n\t\t<\/div>\r\n\r\n\t\t\r\n\t\t\t\t\t\t<\/div>\n\t\t\t\t<\/div>\n\t\t\t\t\t<\/div>\n\t\t<\/div>\n\t\t\t\t<div class=\"elementor-column elementor-col-50 elementor-inner-column elementor-element elementor-element-fa467af two\" data-id=\"fa467af\" data-element_type=\"column\" data-e-type=\"column\">\n\t\t\t<div class=\"elementor-widget-wrap elementor-element-populated\">\n\t\t\t\t\t\t<div class=\"elementor-element elementor-element-b3fb8fb elementor-widget elementor-widget-image\" data-id=\"b3fb8fb\" data-element_type=\"widget\" data-e-type=\"widget\" data-widget_type=\"image.default\">\n\t\t\t\t<div class=\"elementor-widget-container\">\n\t\t\t\t\t\t\t\t\t\t\t\t\t\t\t<img decoding=\"async\" width=\"560\" height=\"560\" src=\"https:\/\/zenitenergy.com\/wp-content\/uploads\/2025\/06\/FOTO-7-560x560.jpg\" class=\"attachment-solar-gallery-thumb size-solar-gallery-thumb wp-image-4452\" alt=\"\" srcset=\"https:\/\/zenitenergy.com\/wp-content\/uploads\/2025\/06\/FOTO-7-560x560.jpg 560w, https:\/\/zenitenergy.com\/wp-content\/uploads\/2025\/06\/FOTO-7-150x150.jpg 150w, https:\/\/zenitenergy.com\/wp-content\/uploads\/2025\/06\/FOTO-7-450x450.jpg 450w, https:\/\/zenitenergy.com\/wp-content\/uploads\/2025\/06\/FOTO-7-106x106.jpg 106w, https:\/\/zenitenergy.com\/wp-content\/uploads\/2025\/06\/FOTO-7-80x80.jpg 80w\" sizes=\"(max-width: 560px) 100vw, 560px\" \/>\t\t\t\t\t\t\t\t\t\t\t\t\t\t\t<\/div>\n\t\t\t\t<\/div>\n\t\t\t\t\t<\/div>\n\t\t<\/div>\n\t\t\t\t\t<\/div>\n\t\t<\/section>\n\t\t\t\t\t<\/div>\n\t\t<\/div>\n\t\t\t\t\t<\/div>\n\t\t<\/section>\n\t\t\t\t<section class=\"elementor-section elementor-top-section elementor-element elementor-element-9904bb1 elementor-section-boxed elementor-section-height-default elementor-section-height-default\" data-id=\"9904bb1\" data-element_type=\"section\" data-e-type=\"section\">\n\t\t\t\t\t\t<div class=\"elementor-container elementor-column-gap-default\">\n\t\t\t\t\t<div class=\"elementor-column elementor-col-100 elementor-top-column elementor-element elementor-element-d78aa5f\" data-id=\"d78aa5f\" data-element_type=\"column\" data-e-type=\"column\">\n\t\t\t<div class=\"elementor-widget-wrap elementor-element-populated\">\n\t\t\t\t\t\t<div class=\"elementor-element elementor-element-8792f8e elementor-widget elementor-widget-sectiontitle\" data-id=\"8792f8e\" data-element_type=\"widget\" data-e-type=\"widget\" data-widget_type=\"sectiontitle.default\">\n\t\t\t\t<div class=\"elementor-widget-container\">\n\t\t\t\t\t\r\n\t\t\t\t<div class=\"\">\r\n\r\n\t\t\t<div class=\"section-title t_left\">\r\n                \t\t\t\t\r\n\t\t\t\t  \r\n                       <h3><div style=\"text-align: center;\">Beneficios del autoconsumo<\/h3>\r\n                \t\t\t\t\r\n\t\t\t\t \t\t\t\t<div class=\"bar-main\">\r\n\t\t\t\t\t<div class=\"bar bar-big\"><\/div>\r\n\t\t\t\t<\/div>\r\n\t\t\t\t\r\n                 \r\n                        <p><div style=\"text-align: justify;\">\n    <ul style=\"list-style-type: disc; padding-left: 20px;\">\n        <li>Reducci\u00f3n directa en la factura el\u00e9ctrica<\/li>\n        <li>Aumento del valor de tu inmueble<\/li>\n        <li>Retorno de la inversi\u00f3n en pocos a\u00f1os<\/li>\n        <li>Energ\u00eda limpia, inagotable y silenciosa<\/li>\n        <li>Menor dependencia de las comercializadoras tradicionales<\/li>\n    <\/ul>\n<\/div>\n<\/p>\r\n                \t\t\t\t\r\n\r\n\t\t\t\t\r\n\t\t\t<\/div>\t\r\n\r\n\t\t<\/div>\r\n\r\n\t\t\r\n\t\t\t\t\t\t<\/div>\n\t\t\t\t<\/div>\n\t\t\t\t\t<\/div>\n\t\t<\/div>\n\t\t\t\t\t<\/div>\n\t\t<\/section>\n\t\t\t\t<section class=\"elementor-section elementor-top-section elementor-element elementor-element-70078cb elementor-section-boxed elementor-section-height-default elementor-section-height-default\" data-id=\"70078cb\" data-element_type=\"section\" data-e-type=\"section\">\n\t\t\t\t\t\t<div class=\"elementor-container elementor-column-gap-default\">\n\t\t\t\t\t<div class=\"elementor-column elementor-col-100 elementor-top-column elementor-element elementor-element-a130ebf\" data-id=\"a130ebf\" data-element_type=\"column\" data-e-type=\"column\">\n\t\t\t<div class=\"elementor-widget-wrap elementor-element-populated\">\n\t\t\t\t\t\t<section class=\"elementor-section elementor-inner-section elementor-element elementor-element-89b5202 elementor-section-content-middle elementor-section-boxed elementor-section-height-default elementor-section-height-default\" data-id=\"89b5202\" data-element_type=\"section\" data-e-type=\"section\">\n\t\t\t\t\t\t<div class=\"elementor-container elementor-column-gap-default\">\n\t\t\t\t\t<div class=\"elementor-column elementor-col-50 elementor-inner-column elementor-element elementor-element-c94844c two\" data-id=\"c94844c\" data-element_type=\"column\" data-e-type=\"column\">\n\t\t\t<div class=\"elementor-widget-wrap elementor-element-populated\">\n\t\t\t\t\t\t<div class=\"elementor-element elementor-element-c79f82e elementor-widget elementor-widget-image\" data-id=\"c79f82e\" data-element_type=\"widget\" data-e-type=\"widget\" data-widget_type=\"image.default\">\n\t\t\t\t<div class=\"elementor-widget-container\">\n\t\t\t\t\t\t\t\t\t\t\t\t\t\t\t<img decoding=\"async\" width=\"1024\" height=\"361\" src=\"https:\/\/zenitenergy.com\/wp-content\/uploads\/2022\/02\/solar-03-2-1024x361.jpg\" class=\"attachment-large size-large wp-image-3011\" alt=\"\" srcset=\"https:\/\/zenitenergy.com\/wp-content\/uploads\/2022\/02\/solar-03-2-1024x361.jpg 1024w, https:\/\/zenitenergy.com\/wp-content\/uploads\/2022\/02\/solar-03-2-300x106.jpg 300w, https:\/\/zenitenergy.com\/wp-content\/uploads\/2022\/02\/solar-03-2-768x271.jpg 768w, https:\/\/zenitenergy.com\/wp-content\/uploads\/2022\/02\/solar-03-2.jpg 1472w\" sizes=\"(max-width: 1024px) 100vw, 1024px\" \/>\t\t\t\t\t\t\t\t\t\t\t\t\t\t\t<\/div>\n\t\t\t\t<\/div>\n\t\t\t\t<div class=\"elementor-element elementor-element-f094ec8 elementor-widget elementor-widget-heading\" data-id=\"f094ec8\" data-element_type=\"widget\" data-e-type=\"widget\" data-widget_type=\"heading.default\">\n\t\t\t\t<div class=\"elementor-widget-container\">\n\t\t\t\t\t<h2 class=\"elementor-heading-title elementor-size-default\">A\u00f1os de Experiencia...<\/h2>\t\t\t\t<\/div>\n\t\t\t\t<\/div>\n\t\t\t\t\t<\/div>\n\t\t<\/div>\n\t\t\t\t<div class=\"elementor-column elementor-col-50 elementor-inner-column elementor-element elementor-element-e3c4374\" data-id=\"e3c4374\" data-element_type=\"column\" data-e-type=\"column\">\n\t\t\t<div class=\"elementor-widget-wrap elementor-element-populated\">\n\t\t\t\t\t\t<div class=\"elementor-element elementor-element-91887a8 elementor-widget elementor-widget-sectiontitle\" data-id=\"91887a8\" data-element_type=\"widget\" data-e-type=\"widget\" data-widget_type=\"sectiontitle.default\">\n\t\t\t\t<div class=\"elementor-widget-container\">\n\t\t\t\t\t\r\n\t\t\t\t<div class=\"\">\r\n\r\n\t\t\t<div class=\"section-title t_left\">\r\n                \t\t\t\t\r\n\t\t\t\t  \r\n                       <h3>Convierte tu tejado en una fuente de energ\u00eda y empieza a ahorrar desde el primer d\u00eda.<\/h3>\r\n                \t\t\t\t\r\n\t\t\t\t \t\t\t\t<div class=\"bar-main\">\r\n\t\t\t\t\t<div class=\"bar bar-big\"><\/div>\r\n\t\t\t\t<\/div>\r\n\t\t\t\t\r\n                 \r\n                        <p><div style=\"text-align: justify; \">\nSolicita ya tu estudio gratuito y sin compromiso con <strong>Zenit Energy<\/strong>.<br><br>\nCont\u00e1ctanos o escr\u00edbenos a <a href=\"mailto:info@zenitsystem.com\">info@zenitsystem.com<\/a>\n<\/div>\n<\/p>\r\n                \t\t\t\t\r\n\r\n\t\t\t\t\r\n\t\t\t<\/div>\t\r\n\r\n\t\t<\/div>\r\n\r\n\t\t\r\n\t\t\t\t\t\t<\/div>\n\t\t\t\t<\/div>\n\t\t\t\t\t<\/div>\n\t\t<\/div>\n\t\t\t\t\t<\/div>\n\t\t<\/section>\n\t\t\t\t\t<\/div>\n\t\t<\/div>\n\t\t\t\t\t<\/div>\n\t\t<\/section>\n\t\t\t\t<section class=\"elementor-section elementor-top-section elementor-element elementor-element-2a753a0 elementor-section-boxed elementor-section-height-default elementor-section-height-default\" data-id=\"2a753a0\" data-element_type=\"section\" data-e-type=\"section\" data-settings=\"{&quot;background_background&quot;:&quot;classic&quot;}\">\n\t\t\t\t\t\t<div class=\"elementor-container elementor-column-gap-default\">\n\t\t\t\t\t<div class=\"elementor-column elementor-col-100 elementor-top-column elementor-element elementor-element-d191964\" data-id=\"d191964\" data-element_type=\"column\" data-e-type=\"column\">\n\t\t\t<div class=\"elementor-widget-wrap elementor-element-populated\">\n\t\t\t\t\t\t<div class=\"elementor-element elementor-element-33411fa elementor-widget elementor-widget-brand\" data-id=\"33411fa\" data-element_type=\"widget\" data-e-type=\"widget\" data-widget_type=\"brand.default\">\n\t\t\t\t<div class=\"elementor-widget-container\">\n\t\t\t\t\t\r\n\t\t\t\r\n\t\t\t<div class=\" blog_style_adn_2\">\t\t\t\t\r\n\t\t\t\t<div class=\"blog_wrap brand_carousel owl-carousel owl-loaded curosel-style\">\r\n\t\t\t\t\r\n\t\t\t\t\t\t\t\t\t\t\t\t\t\t\t\t<!-- single blog -->\r\n\t\t\t\t\t\t<div class=\"   col-md-12 col-xs-12 col-sm-12 \" >\r\n\t\t\t\t\t\t\t<div class=\"single_brand \">\r\n\t\t\t\t\t\t\t\r\n\t\r\n\t\t\t\t\t\t\t\t<div id=\"post-538\" class=\"post-538 em_brand type-em_brand status-publish has-post-thumbnail hentry\">\r\n\t\t\t\t\t\t\t\t\t<div class=\"itsoft-single-brand \">\t\t\t\t\t\r\n\t\t\t\t\t\t\t\t\t\t\r\n\t\t\t\t\t\t\t\t\t\t<!-- BLOG THUMB -->\r\n\t\t\t\t\t\t\t\t\t\t\t\t\t\t\t\t\t\t\t\t\t<div class=\"brand-thumb \">\r\n\t\t\t\t\t\t\t\t\t\t\t\t<img loading=\"lazy\" decoding=\"async\" width=\"154\" height=\"133\" src=\"https:\/\/zenitenergy.com\/wp-content\/uploads\/2022\/01\/solar-01-14.png\" class=\"attachment-post-thumbnail size-post-thumbnail wp-post-image\" alt=\"\" \/>\t\t\t\t\t\t\t\t\t\t\t<\/div>\t\t\t\t\t\t\t\t\t\r\n\t\t\t\t\t\t\t\t\t\t\t\t\t\t\t\t\t\t\t\t\t\t\t\r\n\t\t\t\t\t\t\t\t\t<\/div>\r\n\t\t\t\t\t\t\t\t<\/div> <!--  END SINGLE BLOG -->\r\n\t\r\n\t\t\t\t\t\t\t\t\t\r\n\t\t\t\t\t\t\t<\/div>\r\n\t\t\t\t\t\t\r\n\t\t\t\t\t\t<\/div>\r\n\t\t\t\t\t\t\t\t\t\t\t<!-- single blog -->\r\n\t\t\t\t\t\t<div class=\"   col-md-12 col-xs-12 col-sm-12 \" >\r\n\t\t\t\t\t\t\t<div class=\"single_brand \">\r\n\t\t\t\t\t\t\t\r\n\t\r\n\t\t\t\t\t\t\t\t<div id=\"post-530\" class=\"post-530 em_brand type-em_brand status-publish has-post-thumbnail hentry\">\r\n\t\t\t\t\t\t\t\t\t<div class=\"itsoft-single-brand \">\t\t\t\t\t\r\n\t\t\t\t\t\t\t\t\t\t\r\n\t\t\t\t\t\t\t\t\t\t<!-- BLOG THUMB -->\r\n\t\t\t\t\t\t\t\t\t\t\t\t\t\t\t\t\t\t\t\t\t<div class=\"brand-thumb \">\r\n\t\t\t\t\t\t\t\t\t\t\t\t<img loading=\"lazy\" decoding=\"async\" width=\"138\" height=\"133\" src=\"https:\/\/zenitenergy.com\/wp-content\/uploads\/2022\/01\/solar-01-16.png\" class=\"attachment-post-thumbnail size-post-thumbnail wp-post-image\" alt=\"\" \/>\t\t\t\t\t\t\t\t\t\t\t<\/div>\t\t\t\t\t\t\t\t\t\r\n\t\t\t\t\t\t\t\t\t\t\t\t\t\t\t\t\t\t\t\t\t\t\t\r\n\t\t\t\t\t\t\t\t\t<\/div>\r\n\t\t\t\t\t\t\t\t<\/div> <!--  END SINGLE BLOG -->\r\n\t\r\n\t\t\t\t\t\t\t\t\t\r\n\t\t\t\t\t\t\t<\/div>\r\n\t\t\t\t\t\t\r\n\t\t\t\t\t\t<\/div>\r\n\t\t\t\t\t\t\t\t\t\t\t<!-- single blog -->\r\n\t\t\t\t\t\t<div class=\"   col-md-12 col-xs-12 col-sm-12 \" >\r\n\t\t\t\t\t\t\t<div class=\"single_brand \">\r\n\t\t\t\t\t\t\t\r\n\t\r\n\t\t\t\t\t\t\t\t<div id=\"post-528\" class=\"post-528 em_brand type-em_brand status-publish has-post-thumbnail hentry\">\r\n\t\t\t\t\t\t\t\t\t<div class=\"itsoft-single-brand \">\t\t\t\t\t\r\n\t\t\t\t\t\t\t\t\t\t\r\n\t\t\t\t\t\t\t\t\t\t<!-- BLOG THUMB -->\r\n\t\t\t\t\t\t\t\t\t\t\t\t\t\t\t\t\t\t\t\t\t<div class=\"brand-thumb \">\r\n\t\t\t\t\t\t\t\t\t\t\t\t<img loading=\"lazy\" decoding=\"async\" width=\"110\" height=\"138\" src=\"https:\/\/zenitenergy.com\/wp-content\/uploads\/2022\/01\/solar-01-17.png\" class=\"attachment-post-thumbnail size-post-thumbnail wp-post-image\" alt=\"\" \/>\t\t\t\t\t\t\t\t\t\t\t<\/div>\t\t\t\t\t\t\t\t\t\r\n\t\t\t\t\t\t\t\t\t\t\t\t\t\t\t\t\t\t\t\t\t\t\t\r\n\t\t\t\t\t\t\t\t\t<\/div>\r\n\t\t\t\t\t\t\t\t<\/div> <!--  END SINGLE BLOG -->\r\n\t\r\n\t\t\t\t\t\t\t\t\t\r\n\t\t\t\t\t\t\t<\/div>\r\n\t\t\t\t\t\t\r\n\t\t\t\t\t\t<\/div>\r\n\t\t\t\t\t\t\t\t\t\t\t<!-- single blog -->\r\n\t\t\t\t\t\t<div class=\"   col-md-12 col-xs-12 col-sm-12 \" >\r\n\t\t\t\t\t\t\t<div class=\"single_brand \">\r\n\t\t\t\t\t\t\t\r\n\t\r\n\t\t\t\t\t\t\t\t<div id=\"post-526\" class=\"post-526 em_brand type-em_brand status-publish has-post-thumbnail hentry\">\r\n\t\t\t\t\t\t\t\t\t<div class=\"itsoft-single-brand \">\t\t\t\t\t\r\n\t\t\t\t\t\t\t\t\t\t\r\n\t\t\t\t\t\t\t\t\t\t<!-- BLOG THUMB -->\r\n\t\t\t\t\t\t\t\t\t\t\t\t\t\t\t\t\t\t\t\t\t<div class=\"brand-thumb \">\r\n\t\t\t\t\t\t\t\t\t\t\t\t<img loading=\"lazy\" decoding=\"async\" width=\"150\" height=\"135\" src=\"https:\/\/zenitenergy.com\/wp-content\/uploads\/2022\/01\/solar-01-15.png\" class=\"attachment-post-thumbnail size-post-thumbnail wp-post-image\" alt=\"\" \/>\t\t\t\t\t\t\t\t\t\t\t<\/div>\t\t\t\t\t\t\t\t\t\r\n\t\t\t\t\t\t\t\t\t\t\t\t\t\t\t\t\t\t\t\t\t\t\t\r\n\t\t\t\t\t\t\t\t\t<\/div>\r\n\t\t\t\t\t\t\t\t<\/div> <!--  END SINGLE BLOG -->\r\n\t\r\n\t\t\t\t\t\t\t\t\t\r\n\t\t\t\t\t\t\t<\/div>\r\n\t\t\t\t\t\t\r\n\t\t\t\t\t\t<\/div>\r\n\t\t\t\t\t\t\t\t\t\t\t<!-- single blog -->\r\n\t\t\t\t\t\t<div class=\"   col-md-12 col-xs-12 col-sm-12 \" >\r\n\t\t\t\t\t\t\t<div class=\"single_brand \">\r\n\t\t\t\t\t\t\t\r\n\t\r\n\t\t\t\t\t\t\t\t<div id=\"post-524\" class=\"post-524 em_brand type-em_brand status-publish has-post-thumbnail hentry\">\r\n\t\t\t\t\t\t\t\t\t<div class=\"itsoft-single-brand \">\t\t\t\t\t\r\n\t\t\t\t\t\t\t\t\t\t\r\n\t\t\t\t\t\t\t\t\t\t<!-- BLOG THUMB -->\r\n\t\t\t\t\t\t\t\t\t\t\t\t\t\t\t\t\t\t\t\t\t<div class=\"brand-thumb \">\r\n\t\t\t\t\t\t\t\t\t\t\t\t<img loading=\"lazy\" decoding=\"async\" width=\"154\" height=\"133\" src=\"https:\/\/zenitenergy.com\/wp-content\/uploads\/2022\/01\/solar-01-14.png\" class=\"attachment-post-thumbnail size-post-thumbnail wp-post-image\" alt=\"\" \/>\t\t\t\t\t\t\t\t\t\t\t<\/div>\t\t\t\t\t\t\t\t\t\r\n\t\t\t\t\t\t\t\t\t\t\t\t\t\t\t\t\t\t\t\t\t\t\t\r\n\t\t\t\t\t\t\t\t\t<\/div>\r\n\t\t\t\t\t\t\t\t<\/div> <!--  END SINGLE BLOG -->\r\n\t\r\n\t\t\t\t\t\t\t\t\t\r\n\t\t\t\t\t\t\t<\/div>\r\n\t\t\t\t\t\t\r\n\t\t\t\t\t\t<\/div>\r\n\t\t\t\t\t\t\t\t\t\t\t<!-- single blog -->\r\n\t\t\t\t\t\t<div class=\"   col-md-12 col-xs-12 col-sm-12 \" >\r\n\t\t\t\t\t\t\t<div class=\"single_brand \">\r\n\t\t\t\t\t\t\t\r\n\t\r\n\t\t\t\t\t\t\t\t<div id=\"post-522\" class=\"post-522 em_brand type-em_brand status-publish has-post-thumbnail hentry\">\r\n\t\t\t\t\t\t\t\t\t<div class=\"itsoft-single-brand \">\t\t\t\t\t\r\n\t\t\t\t\t\t\t\t\t\t\r\n\t\t\t\t\t\t\t\t\t\t<!-- BLOG THUMB -->\r\n\t\t\t\t\t\t\t\t\t\t\t\t\t\t\t\t\t\t\t\t\t<div class=\"brand-thumb \">\r\n\t\t\t\t\t\t\t\t\t\t\t\t<img loading=\"lazy\" decoding=\"async\" width=\"124\" height=\"137\" src=\"https:\/\/zenitenergy.com\/wp-content\/uploads\/2022\/01\/solar-01-13.png\" class=\"attachment-post-thumbnail size-post-thumbnail wp-post-image\" alt=\"\" \/>\t\t\t\t\t\t\t\t\t\t\t<\/div>\t\t\t\t\t\t\t\t\t\r\n\t\t\t\t\t\t\t\t\t\t\t\t\t\t\t\t\t\t\t\t\t\t\t\r\n\t\t\t\t\t\t\t\t\t<\/div>\r\n\t\t\t\t\t\t\t\t<\/div> <!--  END SINGLE BLOG -->\r\n\t\r\n\t\t\t\t\t\t\t\t\t\r\n\t\t\t\t\t\t\t<\/div>\r\n\t\t\t\t\t\t\r\n\t\t\t\t\t\t<\/div>\r\n\t\t\t\t\t\t\r\n\t\t\t\t\t\r\n\t\t\t\t\t\r\n\t\t\t\t<\/div>\r\n\t\t\t<\/div>\r\n    \t\t<script>\r\n    \t\t\tjQuery(document).ready(function($) {\r\n    \t\t\t\t\"use strict\";\r\n                    \t\/* Brand Curousel *\/\r\n                    \t$('.brand_carousel').owlCarousel({\r\n                    \t\tloop: true,\r\n                    \t\tautoplay: true,\r\n                    \t\tautoplayTimeout: 4000,\r\n                    \t\tdots: false,\r\n                    \t\tnav:true,\r\n                    \t\tnavText: [\"<i class='fa fa-long-arrow-left'><\/i>\", \"<i class='fa fa-long-arrow-right''><\/i>\"],\r\n                    \t\tresponsive: {\r\n                    \t\t\t0: {\r\n                    \t\t\t\titems: 2\r\n                    \t\t\t},\r\n                    \t\t\t768: {\r\n                    \t\t\t\titems: 4\r\n                    \t\t\t},\r\n                    \t\t\t992: {\r\n                    \t\t\t\titems: 4\r\n                    \t\t\t},\r\n                    \t\t\t1920: {\r\n                    \t\t\t\titems: 5\r\n                    \t\t\t}\r\n                    \t\t}\r\n                    \t})\r\n            \t\t});\r\n            \t<\/script>\t\r\n\t\t\t\r\n\t\t\t\t\t\t<\/div>\n\t\t\t\t<\/div>\n\t\t\t\t\t<\/div>\n\t\t<\/div>\n\t\t\t\t\t<\/div>\n\t\t<\/section>\n\t\t\t\t<\/div>\n\t\t","protected":false},"excerpt":{"rendered":"<p>Produce tu propia energ\u00eda, ahorra desde el primer d\u00eda En Zenit Energy te ayudamos a aprovechar todo el potencial del sol. Dise\u00f1amos e instalamos sistemas de autoconsumo fotovoltaico adaptados a viviendas, empresas, comunidades de propietarios e instalaciones p\u00fablicas. Nuestro objetivo es claro: que generes tu propia energ\u00eda de forma limpia, eficiente y rentable. Nos encargamos [&hellip;]<\/p>\n","protected":false},"author":1,"featured_media":0,"parent":0,"menu_order":0,"comment_status":"closed","ping_status":"closed","template":"page-templates\/template-default.php","meta":{"om_disable_all_campaigns":false,"_monsterinsights_skip_tracking":false,"_monsterinsights_sitenote_active":false,"_monsterinsights_sitenote_note":"","_monsterinsights_sitenote_category":0,"footnotes":""},"class_list":["post-4280","page","type-page","status-publish","hentry"],"aioseo_notices":[],"_links":{"self":[{"href":"https:\/\/zenitenergy.com\/index.php\/wp-json\/wp\/v2\/pages\/4280","targetHints":{"allow":["GET"]}}],"collection":[{"href":"https:\/\/zenitenergy.com\/index.php\/wp-json\/wp\/v2\/pages"}],"about":[{"href":"https:\/\/zenitenergy.com\/index.php\/wp-json\/wp\/v2\/types\/page"}],"author":[{"embeddable":true,"href":"https:\/\/zenitenergy.com\/index.php\/wp-json\/wp\/v2\/users\/1"}],"replies":[{"embeddable":true,"href":"https:\/\/zenitenergy.com\/index.php\/wp-json\/wp\/v2\/comments?post=4280"}],"version-history":[{"count":19,"href":"https:\/\/zenitenergy.com\/index.php\/wp-json\/wp\/v2\/pages\/4280\/revisions"}],"predecessor-version":[{"id":4471,"href":"https:\/\/zenitenergy.com\/index.php\/wp-json\/wp\/v2\/pages\/4280\/revisions\/4471"}],"wp:attachment":[{"href":"https:\/\/zenitenergy.com\/index.php\/wp-json\/wp\/v2\/media?parent=4280"}],"curies":[{"name":"wp","href":"https:\/\/api.w.org\/{rel}","templated":true}]}}